{"id":1916,"date":"2021-01-11T16:29:08","date_gmt":"2021-01-11T16:29:08","guid":{"rendered":"https:\/\/najaco.com.mx\/web\/?page_id=1916"},"modified":"2021-01-12T20:42:50","modified_gmt":"2021-01-12T20:42:50","slug":"inicio","status":"publish","type":"page","link":"https:\/\/najaco.com.mx\/web\/","title":{"rendered":"Inicio"},"content":{"rendered":"\t\t<div data-elementor-type=\"wp-page\" data-elementor-id=\"1916\" class=\"elementor elementor-1916\" data-elementor-post-type=\"page\">\n\t\t\t\t\t\t<section class=\"elementor-section elementor-top-section elementor-element elementor-element-3c68a3b elementor-section-boxed elementor-section-height-default elementor-section-height-default\" data-id=\"3c68a3b\" data-element_type=\"section\" data-settings=\"{&quot;background_background&quot;:&quot;classic&quot;}\">\n\t\t\t\t\t\t<div class=\"elementor-container elementor-column-gap-default\">\n\t\t\t\t\t<div class=\"elementor-column elementor-col-50 elementor-top-column elementor-element elementor-element-702ef64\" data-id=\"702ef64\" data-element_type=\"column\">\n\t\t\t<div class=\"elementor-widget-wrap elementor-element-populated\">\n\t\t\t\t\t\t<div class=\"elementor-element elementor-element-c534893 elementor-widget elementor-widget-image\" data-id=\"c534893\" data-element_type=\"widget\" data-widget_type=\"image.default\">\n\t\t\t\t<div class=\"elementor-widget-container\">\n\t\t\t\t\t\t\t\t\t\t\t\t\t\t\t<img fetchpriority=\"high\" decoding=\"async\" width=\"577\" height=\"1024\" src=\"https:\/\/najaco.com.mx\/web\/wp-content\/uploads\/2021\/01\/DSC01343r-577x1024.jpg\" class=\"attachment-large size-large wp-image-1879\" alt=\"\" srcset=\"https:\/\/najaco.com.mx\/web\/wp-content\/uploads\/2021\/01\/DSC01343r-577x1024.jpg 577w, https:\/\/najaco.com.mx\/web\/wp-content\/uploads\/2021\/01\/DSC01343r-600x1065.jpg 600w, https:\/\/najaco.com.mx\/web\/wp-content\/uploads\/2021\/01\/DSC01343r-169x300.jpg 169w, https:\/\/najaco.com.mx\/web\/wp-content\/uploads\/2021\/01\/DSC01343r-768x1363.jpg 768w, https:\/\/najaco.com.mx\/web\/wp-content\/uploads\/2021\/01\/DSC01343r-865x1536.jpg 865w, https:\/\/najaco.com.mx\/web\/wp-content\/uploads\/2021\/01\/DSC01343r.jpg 1095w\" sizes=\"(max-width: 577px) 100vw, 577px\" \/>\t\t\t\t\t\t\t\t\t\t\t\t\t\t\t<\/div>\n\t\t\t\t<\/div>\n\t\t\t\t\t<\/div>\n\t\t<\/div>\n\t\t\t\t<div class=\"elementor-column elementor-col-50 elementor-top-column elementor-element elementor-element-23c5b8d\" data-id=\"23c5b8d\" data-element_type=\"column\">\n\t\t\t<div class=\"elementor-widget-wrap elementor-element-populated\">\n\t\t\t\t\t\t<div class=\"elementor-element elementor-element-46f79e9 elementor-widget elementor-widget-heading\" data-id=\"46f79e9\" data-element_type=\"widget\" data-widget_type=\"heading.default\">\n\t\t\t\t<div class=\"elementor-widget-container\">\n\t\t\t\t\t<h2 class=\"elementor-heading-title elementor-size-default\">Bienvenido<\/h2>\t\t\t\t<\/div>\n\t\t\t\t<\/div>\n\t\t\t\t<div class=\"elementor-element elementor-element-b87384f elementor-widget-divider--view-line elementor-widget elementor-widget-divider\" data-id=\"b87384f\" data-element_type=\"widget\" data-widget_type=\"divider.default\">\n\t\t\t\t<div class=\"elementor-widget-container\">\n\t\t\t\t\t\t\t<div class=\"elementor-divider\">\n\t\t\t<span class=\"elementor-divider-separator\">\n\t\t\t\t\t\t<\/span>\n\t\t<\/div>\n\t\t\t\t\t\t<\/div>\n\t\t\t\t<\/div>\n\t\t\t\t<div class=\"elementor-element elementor-element-dc4da89 elementor-widget elementor-widget-text-editor\" data-id=\"dc4da89\" data-element_type=\"widget\" data-widget_type=\"text-editor.default\">\n\t\t\t\t<div class=\"elementor-widget-container\">\n\t\t\t\t\t\t\t\t\t<p class=\"gen\" align=\"justify\">LUPITA \u2013 Tradicional nombre muy mexicano \u2026 Que da pie a una singular artesan\u00eda llena de colorido orgullosamente mexicana, fabricada y pintada por manos m\u00e1gicas.<\/p><p class=\"gen\" align=\"justify\">Nacimos en Tonal\u00e1, Jalisco en 1992, al principio fuimos buscando el quehacer diario de nuestra gente, sus costumbres para plasmar en una bonita pintura. Ya sea ir a cortar nopales, orde\u00f1ar una vaca, el pastor, el tradicional pulquero, la belleza de las calles del pueblo, o un bodeg\u00f3n de buen pan.<\/p><p class=\"gen\" align=\"justify\">En fin hay tantos quehaceres de nuestras mujeres y hombres de anta\u00f1o. Y mezclado con la belleza de la mujer mexicana.<\/p><p class=\"gen\" align=\"justify\">Se crea una artesan\u00eda llena de colorido y de cari\u00f1o para usted.<\/p>\t\t\t\t\t\t\t\t<\/div>\n\t\t\t\t<\/div>\n\t\t\t\t<div class=\"elementor-element elementor-element-59ba3a5 elementor-widget elementor-widget-heading\" data-id=\"59ba3a5\" data-element_type=\"widget\" data-widget_type=\"heading.default\">\n\t\t\t\t<div class=\"elementor-widget-container\">\n\t\t\t\t\t<h5 class=\"elementor-heading-title elementor-size-default\">NAJACO\nUn nombre comercial\nPero con mucha magia\u2026<\/h5>\t\t\t\t<\/div>\n\t\t\t\t<\/div>\n\t\t\t\t<div class=\"elementor-element elementor-element-ceeff89 elementor-widget elementor-widget-button\" data-id=\"ceeff89\" data-element_type=\"widget\" data-widget_type=\"button.default\">\n\t\t\t\t<div class=\"elementor-widget-container\">\n\t\t\t\t\t\t\t\t\t<div class=\"elementor-button-wrapper\">\n\t\t\t\t\t<a class=\"elementor-button elementor-button-link elementor-size-sm\" href=\"mailto:ventas@najaco.com.mx\">\n\t\t\t\t\t\t<span class=\"elementor-button-content-wrapper\">\n\t\t\t\t\t\t\t\t\t<span class=\"elementor-button-text\">Escribanos<\/span>\n\t\t\t\t\t<\/span>\n\t\t\t\t\t<\/a>\n\t\t\t\t<\/div>\n\t\t\t\t\t\t\t\t<\/div>\n\t\t\t\t<\/div>\n\t\t\t\t\t<\/div>\n\t\t<\/div>\n\t\t\t\t\t<\/div>\n\t\t<\/section>\n\t\t\t\t<\/div>\n\t\t","protected":false},"excerpt":{"rendered":"<p>Bienvenido LUPITA \u2013 Tradicional nombre muy mexicano \u2026 Que da pie a una singular artesan\u00eda llena de colorido orgullosamente mexicana, fabricada y pintada por manos m\u00e1gicas. Nacimos en Tonal\u00e1, Jalisco en 1992, al principio fuimos buscando el quehacer diario de nuestra gente, sus costumbres para plasmar en una bonita pintura. Ya sea ir a cortar [&hellip;]<\/p>\n","protected":false},"author":1,"featured_media":0,"parent":0,"menu_order":0,"comment_status":"closed","ping_status":"closed","template":"","meta":{"site-sidebar-layout":"no-sidebar","site-content-layout":"page-builder","ast-site-content-layout":"default","site-content-style":"default","site-sidebar-style":"default","ast-global-header-display":"","ast-banner-title-visibility":"","ast-main-header-display":"","ast-hfb-above-header-display":"","ast-hfb-below-header-display":"","ast-hfb-mobile-header-display":"","site-post-title":"disabled","ast-breadcrumbs-content":"","ast-featured-img":"disabled","footer-sml-layout":"","theme-transparent-header-meta":"default","adv-header-id-meta":"","stick-header-meta":"","header-above-stick-meta":"","header-main-stick-meta":"","header-below-stick-meta":"","astra-migrate-meta-layouts":"default","ast-page-background-enabled":"default","ast-page-background-meta":{"desktop":{"background-color":"","background-image":"","background-repeat":"repeat","background-position":"center center","background-size":"auto","background-attachment":"scroll","background-type":"","background-media":"","overlay-type":"","overlay-color":"","overlay-opacity":"","overlay-gradient":""},"tablet":{"background-color":"","background-image":"","background-repeat":"repeat","background-position":"center center","background-size":"auto","background-attachment":"scroll","background-type":"","background-media":"","overlay-type":"","overlay-color":"","overlay-opacity":"","overlay-gradient":""},"mobile":{"background-color":"","background-image":"","background-repeat":"repeat","background-position":"center center","background-size":"auto","background-attachment":"scroll","background-type":"","background-media":"","overlay-type":"","overlay-color":"","overlay-opacity":"","overlay-gradient":""}},"ast-content-background-meta":{"desktop":{"background-color":"var(--ast-global-color-5)","background-image":"","background-repeat":"repeat","background-position":"center center","background-size":"auto","background-attachment":"scroll","background-type":"","background-media":"","overlay-type":"","overlay-color":"","overlay-opacity":"","overlay-gradient":""},"tablet":{"background-color":"var(--ast-global-color-5)","background-image":"","background-repeat":"repeat","background-position":"center center","background-size":"auto","background-attachment":"scroll","background-type":"","background-media":"","overlay-type":"","overlay-color":"","overlay-opacity":"","overlay-gradient":""},"mobile":{"background-color":"var(--ast-global-color-5)","background-image":"","background-repeat":"repeat","background-position":"center center","background-size":"auto","background-attachment":"scroll","background-type":"","background-media":"","overlay-type":"","overlay-color":"","overlay-opacity":"","overlay-gradient":""}},"_joinchat":[],"footnotes":""},"class_list":["post-1916","page","type-page","status-publish","hentry"],"_links":{"self":[{"href":"https:\/\/najaco.com.mx\/web\/index.php\/wp-json\/wp\/v2\/pages\/1916","targetHints":{"allow":["GET"]}}],"collection":[{"href":"https:\/\/najaco.com.mx\/web\/index.php\/wp-json\/wp\/v2\/pages"}],"about":[{"href":"https:\/\/najaco.com.mx\/web\/index.php\/wp-json\/wp\/v2\/types\/page"}],"author":[{"embeddable":true,"href":"https:\/\/najaco.com.mx\/web\/index.php\/wp-json\/wp\/v2\/users\/1"}],"replies":[{"embeddable":true,"href":"https:\/\/najaco.com.mx\/web\/index.php\/wp-json\/wp\/v2\/comments?post=1916"}],"version-history":[{"count":19,"href":"https:\/\/najaco.com.mx\/web\/index.php\/wp-json\/wp\/v2\/pages\/1916\/revisions"}],"predecessor-version":[{"id":2199,"href":"https:\/\/najaco.com.mx\/web\/index.php\/wp-json\/wp\/v2\/pages\/1916\/revisions\/2199"}],"wp:attachment":[{"href":"https:\/\/najaco.com.mx\/web\/index.php\/wp-json\/wp\/v2\/media?parent=1916"}],"curies":[{"name":"wp","href":"https:\/\/api.w.org\/{rel}","templated":true}]}}